{"id":7,"date":"2017-03-23T12:10:44","date_gmt":"2017-03-23T11:10:44","guid":{"rendered":"http:\/\/marychaplin-peintreluministe.com\/painter\/?page_id=7"},"modified":"2018-01-21T11:25:54","modified_gmt":"2018-01-21T10:25:54","slug":"presentation-of-mary-chaplin","status":"publish","type":"page","link":"https:\/\/marychaplin-peintreluministe.com\/painter\/presentation-of-mary-chaplin\/","title":{"rendered":"Presentation of Mary Chaplin"},"content":{"rendered":"<h3 style=\"text-align: left;\" align=\"right\"><span lang=\"EN-GB\">\u00a0Mary Chaplin<\/span><\/h3>\n<p>Had been a figurative artist for many years, specializing mainly in pastels when she underwent a synchronistical experience that changed the way she expressed her artistic feelings.<\/p>\n<p>Since this moment in 2005, she has devoted her research to the study of light in its abstraction, its colours, defragmentation of shapes, blur effects. Painting takes her on a path of meditation, introspection. The meaning of the finished painting is not in the object you see but in the feelings that surround it. What it says is what \u00ab I cannot say with words, light is my language \u00bb.<\/p>\n<p>Each painting is a step in a spiritual journey that she creates in colour and light as a celebration of the ineffable<\/p>\n<p>Since her beginnings, Mary Chaplin\u2019s work has been published in many articles<br \/>\nin the press and in specialized art magazines. It also has been broadcasted on<br \/>\ntelevision and is regularly exhibited in festivals dedicated to sacred art as well<br \/>\nas in art galleries throughout different countries, including France, Belgium<br \/>\nand England.<\/p>\n<p>&nbsp;<\/p>\n<h5 style=\"text-align: left;\" align=\"right\"><span lang=\"EN-GB\"><a href=\"http:\/\/marychaplin-peintreluministe.com\/painter\/wp-content\/uploads\/2018\/01\/Publishing-and-media.pdf\" target=\"_blank\" rel=\"noopener\">Publishing and media<\/a><\/span><\/h5>\n<h5><a href=\"http:\/\/marychaplin-peintreluministe.com\/painter\/wp-content\/uploads\/2018\/01\/Rewards-grants-public-commission.pdf\" target=\"_blank\" rel=\"noopener\">Rewards, grants, public commission<\/a><\/h5>\n<p>&nbsp;<\/p>\n<h4>Texts of French Art Critic Jean-Paul Gavard-Perret<\/h4>\n<h5><a href=\"http:\/\/marychaplin-peintreluministe.com\/painter\/wp-content\/uploads\/2018\/01\/Permanence-de-l\u00e9ph\u00e9m\u00e8re-par-Jean-Paul-Gavard-Perret.pdf\" target=\"_blank\" rel=\"noopener\">Permanence de l&rsquo;\u00e9ph\u00e9m\u00e8re by Jean-Paul Gavard-Perret<\/a><\/h5>\n<h5><a href=\"http:\/\/marychaplin-peintreluministe.com\/painter\/wp-content\/uploads\/2018\/01\/MaryLa-travers\u00e9e-le-seuil-par-Jean-Paul-Gavard-Perret.pdf\" target=\"_blank\" rel=\"noopener\">Mary, La travers\u00e9e, le seuil, by Jean-Paul Gavard-Perret<\/a><\/h5>\n<h5><a href=\"http:\/\/marychaplin-peintreluministe.com\/painter\/wp-content\/uploads\/2018\/01\/Texte-de-Jean-Paul-Gavard-Perret-sur-loeuvre-de-Mary-Chaplin.pdf\" target=\"_blank\" rel=\"noopener\">Text of Jean-Paul Gavard-Perret about Mary Chaplin&rsquo;s art<\/a><\/h5>\n<p><img loading=\"lazy\" class=\" wp-image-214\" src=\"http:\/\/marychaplin-peintreluministe.com\/painter\/wp-content\/uploads\/2018\/01\/Sudio-of-Mary-Chaplin-300x199.jpg\" alt=\"Studio of Mary Chaplin\" width=\"544\" height=\"361\" srcset=\"https:\/\/marychaplin-peintreluministe.com\/painter\/wp-content\/uploads\/2018\/01\/Sudio-of-Mary-Chaplin-300x199.jpg 300w, https:\/\/marychaplin-peintreluministe.com\/painter\/wp-content\/uploads\/2018\/01\/Sudio-of-Mary-Chaplin-768x510.jpg 768w, https:\/\/marychaplin-peintreluministe.com\/painter\/wp-content\/uploads\/2018\/01\/Sudio-of-Mary-Chaplin-1024x680.jpg 1024w, https:\/\/marychaplin-peintreluministe.com\/painter\/wp-content\/uploads\/2018\/01\/Sudio-of-Mary-Chaplin-210x139.jpg 210w, https:\/\/marychaplin-peintreluministe.com\/painter\/wp-content\/uploads\/2018\/01\/Sudio-of-Mary-Chaplin-1536x1020.jpg 1536w, https:\/\/marychaplin-peintreluministe.com\/painter\/wp-content\/uploads\/2018\/01\/Sudio-of-Mary-Chaplin.jpg 1772w\" sizes=\"(max-width: 544px) 100vw, 544px\" \/><\/p>\n<p>Mary Chaplin in her studio<\/p>\n<p><span class=\"Style8\" lang=\"EN-GB\">\u00a0<\/span><\/p>\n","protected":false},"excerpt":{"rendered":"<p>\u00a0Mary Chaplin Had been a figurative artist for many years, specializing mainly in pastels when she underwent a synchronistical experience that changed the way she expressed her artistic feelings. Since this moment in 2005, she has devoted her research to the study of light in its abstraction, its colours, defragmentation of shapes, blur effects. Painting [&hellip;]<\/p>\n","protected":false},"author":1,"featured_media":0,"parent":0,"menu_order":0,"comment_status":"closed","ping_status":"closed","template":"","meta":{"_monsterinsights_skip_tracking":false,"_monsterinsights_sitenote_active":false,"_monsterinsights_sitenote_note":"","_monsterinsights_sitenote_category":0},"_links":{"self":[{"href":"https:\/\/marychaplin-peintreluministe.com\/painter\/wp-json\/wp\/v2\/pages\/7"}],"collection":[{"href":"https:\/\/marychaplin-peintreluministe.com\/painter\/wp-json\/wp\/v2\/pages"}],"about":[{"href":"https:\/\/marychaplin-peintreluministe.com\/painter\/wp-json\/wp\/v2\/types\/page"}],"author":[{"embeddable":true,"href":"https:\/\/marychaplin-peintreluministe.com\/painter\/wp-json\/wp\/v2\/users\/1"}],"replies":[{"embeddable":true,"href":"https:\/\/marychaplin-peintreluministe.com\/painter\/wp-json\/wp\/v2\/comments?post=7"}],"version-history":[{"count":10,"href":"https:\/\/marychaplin-peintreluministe.com\/painter\/wp-json\/wp\/v2\/pages\/7\/revisions"}],"predecessor-version":[{"id":225,"href":"https:\/\/marychaplin-peintreluministe.com\/painter\/wp-json\/wp\/v2\/pages\/7\/revisions\/225"}],"wp:attachment":[{"href":"https:\/\/marychaplin-peintreluministe.com\/painter\/wp-json\/wp\/v2\/media?parent=7"}],"curies":[{"name":"wp","href":"https:\/\/api.w.org\/{rel}","templated":true}]}}