{"id":28,"date":"2017-03-23T13:38:06","date_gmt":"2017-03-23T12:38:06","guid":{"rendered":"http:\/\/marychaplin-peintreluministe.com\/painter\/?page_id=28"},"modified":"2021-09-10T11:04:36","modified_gmt":"2021-09-10T09:04:36","slug":"news","status":"publish","type":"page","link":"https:\/\/marychaplin-peintreluministe.com\/painter\/","title":{"rendered":"News"},"content":{"rendered":"<h3 style=\"font-weight: 400;\"><strong>Mary Chaplin News :<\/strong><\/h3>\n<p>Mary Chaplin in her new studio in Cany-Barville, Normandie. Vid\u00e9o made by Jean-Marc Denecker<\/p>\n<p><iframe loading=\"lazy\" title=\"YouTube video player\" src=\"https:\/\/www.youtube.com\/embed\/BnrFAhOvc5o\" width=\"560\" height=\"315\" frameborder=\"0\" allowfullscreen=\"allowfullscreen\"><\/iframe><\/p>\n<p>&nbsp;<\/p>\n<p>&nbsp;<\/p>\n<p>2020-14\/08\/2021<\/p>\n<p>&nbsp;<\/p>\n<p style=\"text-align: center;\"><iframe loading=\"lazy\" title=\"YouTube video player\" src=\"https:\/\/www.youtube.com\/embed\/iRog5M7YvgA\" width=\"560\" height=\"315\" frameborder=\"0\" allowfullscreen=\"allowfullscreen\"><\/iframe><\/p>\n<p>&nbsp;<\/p>\n<p>An interview made by <em>Yolande Malgras and\u00a0<\/em> <em>J\u00e9r\u00f4me Arrignon journalists for France 3 TV <\/em>during the retrospective exhibition\u00a0 <a href=\"https:\/\/youtu.be\/a7bNnsQbgfI\" target=\"_blank\" rel=\"noopener noreferrer\">\u2018Permanences de l&rsquo;\u00e9ph\u00e9m\u00e8re\u2019<\/a> organised by\u00a0 the Conseil D\u00e9partemental de la Somme in the Museum of the <a href=\"http:\/\/www.abbaye-saint-riquier.fr\/FR\/saison.php\" target=\"_blank\" rel=\"noopener noreferrer\">Abbaye de St Riquier (Hauts de France)<\/a><\/p>\n<p>&nbsp;<\/p>\n<figure id=\"attachment_290\" aria-describedby=\"caption-attachment-290\" style=\"width: 503px\" class=\"wp-caption aligncenter\"><img loading=\"lazy\" class=\" wp-image-290\" src=\"http:\/\/marychaplin-peintreluministe.com\/painter\/wp-content\/uploads\/2021\/06\/Affiche-Permanences-de-l\u00e9ph\u00e9m\u00e8re-Mary-Chaplin-215x300.jpg\" alt=\"\" width=\"503\" height=\"702\" srcset=\"https:\/\/marychaplin-peintreluministe.com\/painter\/wp-content\/uploads\/2021\/06\/Affiche-Permanences-de-l\u00e9ph\u00e9m\u00e8re-Mary-Chaplin-215x300.jpg 215w, https:\/\/marychaplin-peintreluministe.com\/painter\/wp-content\/uploads\/2021\/06\/Affiche-Permanences-de-l\u00e9ph\u00e9m\u00e8re-Mary-Chaplin-768x1071.jpg 768w, https:\/\/marychaplin-peintreluministe.com\/painter\/wp-content\/uploads\/2021\/06\/Affiche-Permanences-de-l\u00e9ph\u00e9m\u00e8re-Mary-Chaplin-734x1024.jpg 734w, https:\/\/marychaplin-peintreluministe.com\/painter\/wp-content\/uploads\/2021\/06\/Affiche-Permanences-de-l\u00e9ph\u00e9m\u00e8re-Mary-Chaplin-151x210.jpg 151w, https:\/\/marychaplin-peintreluministe.com\/painter\/wp-content\/uploads\/2021\/06\/Affiche-Permanences-de-l\u00e9ph\u00e9m\u00e8re-Mary-Chaplin.jpg 1476w\" sizes=\"(max-width: 503px) 100vw, 503px\" \/><figcaption id=\"caption-attachment-290\" class=\"wp-caption-text\">Exhibition in The Abbaye de St Riquier, France open until the 15th of August 2021<\/figcaption><\/figure>\n<p><iframe loading=\"lazy\" title=\"YouTube video player\" src=\"https:\/\/www.youtube.com\/embed\/a7bNnsQbgfI\" width=\"560\" height=\"315\" frameborder=\"0\" allowfullscreen=\"allowfullscreen\"><\/iframe><\/p>\n<p>&nbsp;<\/p>\n<p><iframe loading=\"lazy\" title=\"YouTube video player\" src=\"https:\/\/www.youtube.com\/embed\/weDImB48lJA\" width=\"560\" height=\"315\" frameborder=\"0\" allowfullscreen=\"allowfullscreen\"><\/iframe><\/p>\n<p>&nbsp;<\/p>\n<p><iframe loading=\"lazy\" title=\"YouTube video player\" src=\"https:\/\/www.youtube.com\/embed\/j0p5zLB-49o\" width=\"560\" height=\"315\" frameborder=\"0\" allowfullscreen=\"allowfullscreen\"><\/iframe><\/p>\n<figure id=\"attachment_283\" aria-describedby=\"caption-attachment-283\" style=\"width: 300px\" class=\"wp-caption aligncenter\"><a href=\"https:\/\/www.healing-power-of-art.org\/the-healing-power-of-art-2020-exhibition-awards-of-excellence\/\" target=\"_blank\" rel=\"noopener noreferrer\"><img loading=\"lazy\" class=\"wp-image-283 size-medium\" title=\"Award of excellence Healing Power of Art exhibition 2020, Manhattan Art International \" src=\"http:\/\/marychaplin-peintreluministe.com\/painter\/wp-content\/uploads\/2020\/02\/uninstantailleurshuilesurtoile70x70cmh-300x300.jpg\" alt=\"Award of Excellence, The Healing Power of Art 2020 exhibition of Manhattan Art International , Curator Ren\u00e9e Phillips\" width=\"300\" height=\"300\" srcset=\"https:\/\/marychaplin-peintreluministe.com\/painter\/wp-content\/uploads\/2020\/02\/uninstantailleurshuilesurtoile70x70cmh-300x300.jpg 300w, https:\/\/marychaplin-peintreluministe.com\/painter\/wp-content\/uploads\/2020\/02\/uninstantailleurshuilesurtoile70x70cmh-150x150.jpg 150w, https:\/\/marychaplin-peintreluministe.com\/painter\/wp-content\/uploads\/2020\/02\/uninstantailleurshuilesurtoile70x70cmh-210x210.jpg 210w, https:\/\/marychaplin-peintreluministe.com\/painter\/wp-content\/uploads\/2020\/02\/uninstantailleurshuilesurtoile70x70cmh.jpg 680w\" sizes=\"(max-width: 300px) 100vw, 300px\" \/><\/a><figcaption id=\"caption-attachment-283\" class=\"wp-caption-text\">Un instant,ailleurs,huile sur toile 70x70cm <a href=\"https:\/\/www.healing-power-of-art.org\/the-healing-power-of-art-2020-exhibition-awards-of-excellence\/\" target=\"_blank\" rel=\"noopener noreferrer\">Award of Excellence 2020 for the Healing Power of Art Exhibition<\/a><\/figcaption><\/figure>\n<p style=\"text-align: center;\">I have received for my Silent Reflection Series an Award of Excellence for the exhibition of the Healing Power of Art 2020 organised by Manhattan Art International,<\/p>\n<p style=\"text-align: center;\">Renee Phillips is the curator.<\/p>\n<p>&nbsp;<\/p>\n<p>My work is now on <a href=\"https:\/\/www.saatchiart.com\/account\/artworks\/1245379\" target=\"_blank\" rel=\"noopener noreferrer\">Staachi Art Gallery online<\/a><\/p>\n<p>&nbsp;<\/p>\n<p>Feb 2019 : English translation<br \/>\n<iframe loading=\"lazy\" src=\"https:\/\/www.youtube.com\/embed\/DY4vftXiUKs\" width=\"560\" height=\"315\" frameborder=\"0\" allowfullscreen=\"allowfullscreen\"><\/iframe><\/p>\n<p><strong>This video shows how I\u00a0 express my feelings\u2019 artistically\u2019 regarding my father\u2019s Alzheimer\u2019s dementia, through the healing power of art and creation.<br \/>\n<em>Thanks to Jean-Marc Denecker for editing the video and Paul Chaplin for the voice-over.<\/em><br \/>\n<em>Also to the Hauts de France region for its support in this project.<\/em><br \/>\n<em>\u00a9 Music: Many thanks to Dingle Yandell and The inventions for kindly letting me use The Cold Song (What Power Art Thou) \/ Performed by Dingle Yandell and The Invention from the album Voces8: A Purcell Collection https:\/\/www.youtube.com \/ watch? v = Z75bx &#8230;<\/em><br \/>\n<\/strong><strong><em>Protected texts and images \u00a9ADAGP Paris 2019<\/em><\/strong><\/p>\n<p>&nbsp;<\/p>\n<hr \/>\n<p><strong>2017\/2018 : <span id=\"result_box\" class=\"\" lang=\"en\"><span class=\"\">Invited by the City of M\u00e9ru to present a retrospective of 12 years of research on the theme of light in abstraction<\/span><\/span><\/strong><\/p>\n<div id='gallery-1' class='gallery galleryid-28 gallery-columns-2 gallery-size-thumbnail'><figure class='gallery-item'>\n\t\t\t<div class='gallery-icon landscape'>\n\t\t\t\t<a href='https:\/\/marychaplin-peintreluministe.com\/painter\/news\/expomerunovembre2017w\/'><img width=\"150\" height=\"150\" src=\"https:\/\/marychaplin-peintreluministe.com\/painter\/wp-content\/uploads\/2018\/01\/expoMerunovembre2017w-150x150.jpg\" class=\"attachment-thumbnail size-thumbnail\" alt=\"Exposition de Mary Chaplin Ville de M\u00e9ru\" loading=\"lazy\" aria-describedby=\"gallery-1-195\" \/><\/a>\n\t\t\t<\/div>\n\t\t\t\t<figcaption class='wp-caption-text gallery-caption' id='gallery-1-195'>\n\t\t\t\tRetrospective exhibition in Ville of M\u00e9ru, France\n\t\t\t\t<\/figcaption><\/figure><figure class='gallery-item'>\n\t\t\t<div class='gallery-icon landscape'>\n\t\t\t\t<a href='https:\/\/marychaplin-peintreluministe.com\/painter\/news\/exposition-mary-chaplin-ville-de-meru-oise\/'><img width=\"150\" height=\"150\" src=\"https:\/\/marychaplin-peintreluministe.com\/painter\/wp-content\/uploads\/2018\/01\/Exposition-Mary-Chaplin-Ville-de-M\u00e9ru-Oise-150x150.jpg\" class=\"attachment-thumbnail size-thumbnail\" alt=\"\" loading=\"lazy\" \/><\/a>\n\t\t\t<\/div><\/figure><figure class='gallery-item'>\n\t\t\t<div class='gallery-icon landscape'>\n\t\t\t\t<a href='https:\/\/marychaplin-peintreluministe.com\/painter\/news\/exposition-mary-chaplin-retrospective-meru\/'><img width=\"150\" height=\"150\" src=\"https:\/\/marychaplin-peintreluministe.com\/painter\/wp-content\/uploads\/2018\/01\/Exposition-Mary-Chaplin-Retrospective-M\u00e9ru-150x150.jpg\" class=\"attachment-thumbnail size-thumbnail\" alt=\"\" loading=\"lazy\" \/><\/a>\n\t\t\t<\/div><\/figure><figure class='gallery-item'>\n\t\t\t<div class='gallery-icon portrait'>\n\t\t\t\t<a href='https:\/\/marychaplin-peintreluministe.com\/painter\/news\/mary-chaplin-expo-meru\/'><img width=\"150\" height=\"150\" src=\"https:\/\/marychaplin-peintreluministe.com\/painter\/wp-content\/uploads\/2018\/01\/Mary-Chaplin-expo-M\u00e9ru-150x150.jpg\" class=\"attachment-thumbnail size-thumbnail\" alt=\"\" loading=\"lazy\" \/><\/a>\n\t\t\t<\/div><\/figure>\n\t\t<\/div>\n\n<figure id=\"attachment_185\" aria-describedby=\"caption-attachment-185\" style=\"width: 298px\" class=\"wp-caption aligncenter\"><img loading=\"lazy\" class=\" wp-image-185\" src=\"http:\/\/marychaplin-peintreluministe.com\/painter\/wp-content\/uploads\/2018\/01\/1affiche-Mary-Chaplin-Ville-de-Meru-France-212x300.jpg\" alt=\"Art exhibition in M\u00e9ru (France)\" width=\"298\" height=\"422\" srcset=\"https:\/\/marychaplin-peintreluministe.com\/painter\/wp-content\/uploads\/2018\/01\/1affiche-Mary-Chaplin-Ville-de-Meru-France-212x300.jpg 212w, https:\/\/marychaplin-peintreluministe.com\/painter\/wp-content\/uploads\/2018\/01\/1affiche-Mary-Chaplin-Ville-de-Meru-France-768x1086.jpg 768w, https:\/\/marychaplin-peintreluministe.com\/painter\/wp-content\/uploads\/2018\/01\/1affiche-Mary-Chaplin-Ville-de-Meru-France-724x1024.jpg 724w, https:\/\/marychaplin-peintreluministe.com\/painter\/wp-content\/uploads\/2018\/01\/1affiche-Mary-Chaplin-Ville-de-Meru-France-148x210.jpg 148w, https:\/\/marychaplin-peintreluministe.com\/painter\/wp-content\/uploads\/2018\/01\/1affiche-Mary-Chaplin-Ville-de-Meru-France-1536x2173.jpg 1536w, https:\/\/marychaplin-peintreluministe.com\/painter\/wp-content\/uploads\/2018\/01\/1affiche-Mary-Chaplin-Ville-de-Meru-France-1960x2772.jpg 1960w\" sizes=\"(max-width: 298px) 100vw, 298px\" \/><figcaption id=\"caption-attachment-185\" class=\"wp-caption-text\">Art exhibition in M\u00e9ru (France)<\/figcaption><\/figure>\n<p>&nbsp;<\/p>\n<p style=\"text-align: center;\"><a href=\"http:\/\/marychaplin-peintreluministe.com\/painter\/wp-content\/uploads\/2018\/01\/In-a-few-dates.pdf\" target=\"_blank\" rel=\"noopener noreferrer\">In a few dates&#8230;<\/a><span id=\"result_box\" class=\"\" lang=\"en\"><\/span><\/p>\n<p>&nbsp;<\/p>\n<p>&nbsp;<\/p>\n","protected":false},"excerpt":{"rendered":"<p>Mary Chaplin News : Mary Chaplin in her new studio in Cany-Barville, Normandie. Vid\u00e9o made by Jean-Marc Denecker &nbsp; &nbsp; 2020-14\/08\/2021 &nbsp; &nbsp; An interview made by Yolande Malgras and\u00a0 J\u00e9r\u00f4me Arrignon journalists for France 3 TV during the retrospective exhibition\u00a0 \u2018Permanences de l&rsquo;\u00e9ph\u00e9m\u00e8re\u2019 organised by\u00a0 the Conseil D\u00e9partemental de la Somme in the Museum [&hellip;]<\/p>\n","protected":false},"author":1,"featured_media":0,"parent":0,"menu_order":0,"comment_status":"closed","ping_status":"closed","template":"","meta":{"_monsterinsights_skip_tracking":false,"_monsterinsights_sitenote_active":false,"_monsterinsights_sitenote_note":"","_monsterinsights_sitenote_category":0},"_links":{"self":[{"href":"https:\/\/marychaplin-peintreluministe.com\/painter\/wp-json\/wp\/v2\/pages\/28"}],"collection":[{"href":"https:\/\/marychaplin-peintreluministe.com\/painter\/wp-json\/wp\/v2\/pages"}],"about":[{"href":"https:\/\/marychaplin-peintreluministe.com\/painter\/wp-json\/wp\/v2\/types\/page"}],"author":[{"embeddable":true,"href":"https:\/\/marychaplin-peintreluministe.com\/painter\/wp-json\/wp\/v2\/users\/1"}],"replies":[{"embeddable":true,"href":"https:\/\/marychaplin-peintreluministe.com\/painter\/wp-json\/wp\/v2\/comments?post=28"}],"version-history":[{"count":34,"href":"https:\/\/marychaplin-peintreluministe.com\/painter\/wp-json\/wp\/v2\/pages\/28\/revisions"}],"predecessor-version":[{"id":307,"href":"https:\/\/marychaplin-peintreluministe.com\/painter\/wp-json\/wp\/v2\/pages\/28\/revisions\/307"}],"wp:attachment":[{"href":"https:\/\/marychaplin-peintreluministe.com\/painter\/wp-json\/wp\/v2\/media?parent=28"}],"curies":[{"name":"wp","href":"https:\/\/api.w.org\/{rel}","templated":true}]}}