{"id":12,"date":"2017-03-23T13:27:51","date_gmt":"2017-03-23T12:27:51","guid":{"rendered":"http:\/\/marychaplin-peintreluministe.com\/painter\/?page_id=12"},"modified":"2021-06-08T11:27:52","modified_gmt":"2021-06-08T09:27:52","slug":"contact-me","status":"publish","type":"page","link":"https:\/\/marychaplin-peintreluministe.com\/painter\/contact-me\/","title":{"rendered":"Contact me"},"content":{"rendered":"<p>I you have any questions and would like to get in touch with me, reserve a painting or visit my gallery at 84, rue du G\u00e9n\u00e9ral de Gaulle \u00e0 Cany-Barville in Normandy, please contact me by phone: 0624724916<br \/>\nor send me a message :<\/p>\n<div role=\"form\" class=\"wpcf7\" id=\"wpcf7-f6-o1\" lang=\"fr-FR\" dir=\"ltr\">\n<div class=\"screen-reader-response\"><p role=\"status\" aria-live=\"polite\" aria-atomic=\"true\"><\/p> <ul><\/ul><\/div>\n<form action=\"\/painter\/wp-json\/wp\/v2\/pages\/12#wpcf7-f6-o1\" method=\"post\" class=\"wpcf7-form init\" novalidate=\"novalidate\" data-status=\"init\">\n<div style=\"display: none;\">\n<input type=\"hidden\" name=\"_wpcf7\" value=\"6\" \/>\n<input type=\"hidden\" name=\"_wpcf7_version\" value=\"5.5.6.1\" \/>\n<input type=\"hidden\" name=\"_wpcf7_locale\" value=\"fr_FR\" \/>\n<input type=\"hidden\" name=\"_wpcf7_unit_tag\" value=\"wpcf7-f6-o1\" \/>\n<input type=\"hidden\" name=\"_wpcf7_container_post\" value=\"0\" \/>\n<input type=\"hidden\" name=\"_wpcf7_posted_data_hash\" value=\"\" \/>\n<\/div>\n<p><label> Name (obligatoire)<br \/>\n    <span class=\"wpcf7-form-control-wrap your-name\"><input type=\"text\" name=\"your-name\" value=\"\" size=\"40\" class=\"wpcf7-form-control wpcf7-text wpcf7-validates-as-required\" aria-required=\"true\" aria-invalid=\"false\" \/><\/span> <\/label><\/p>\n<p><label> E-mail (obligatoire)<br \/>\n    <span class=\"wpcf7-form-control-wrap your-email\"><input type=\"email\" name=\"your-email\" value=\"\" size=\"40\" class=\"wpcf7-form-control wpcf7-text wpcf7-email wpcf7-validates-as-required wpcf7-validates-as-email\" aria-required=\"true\" aria-invalid=\"false\" \/><\/span> <\/label><\/p>\n<p><label> Subjet<br \/>\n    <span class=\"wpcf7-form-control-wrap your-subject\"><input type=\"text\" name=\"your-subject\" value=\"\" size=\"40\" class=\"wpcf7-form-control wpcf7-text\" aria-invalid=\"false\" \/><\/span> <\/label><\/p>\n<p><label> Message<br \/>\n    <span class=\"wpcf7-form-control-wrap your-message\"><textarea name=\"your-message\" cols=\"40\" rows=\"10\" class=\"wpcf7-form-control wpcf7-textarea\" aria-invalid=\"false\"><\/textarea><\/span> <\/label><\/p>\n<p><input type=\"submit\" value=\"Envoyer\" class=\"wpcf7-form-control has-spinner wpcf7-submit\" \/><\/p>\n<p style=\"display: none !important;\" class=\"akismet-fields-container\" data-prefix=\"_wpcf7_ak_\"><label>&#916;<textarea name=\"_wpcf7_ak_hp_textarea\" cols=\"45\" rows=\"8\" maxlength=\"100\"><\/textarea><\/label><input type=\"hidden\" id=\"ak_js_1\" name=\"_wpcf7_ak_js\" value=\"70\"\/><script>document.getElementById( \"ak_js_1\" ).setAttribute( \"value\", ( new Date() ).getTime() );<\/script><\/p><div class=\"wpcf7-response-output\" aria-hidden=\"true\"><\/div><\/form><\/div>\n<p><a href=\"http:\/\/iframe%20src=https:\/\/www.google.com\/maps\/embed?pb=!1m18!1m12!1m3!1d3063.3221861162197!2d0.6344891040471068!3d49.78725633027969!2m3!1f0!2f0!3f0!3m2!1i1024!2i768!4f13.1!3m3!1m2!1s0x47e063ec3beef7b5%3A0x5bba3be2f3c8195d!2s84%20Rue%20du%20G%C3%A9n%C3%A9ral%20de%20Gaulle%2C%2076450%20Cany-Barville!5e0!3m2!1sfr!2sfr!4v1623144340411!5m2!1sfr!2sfr%20width=600%20height=450%20style=border:0;%20allowfullscreen=%20loading=lazy\/iframe\">http:\/\/<iframe loading=\"lazy\" style=\"border: 0;\" src=\"https:\/\/www.google.com\/maps\/embed?pb=!1m18!1m12!1m3!1d3063.3221861162197!2d0.6344891040471068!3d49.78725633027969!2m3!1f0!2f0!3f0!3m2!1i1024!2i768!4f13.1!3m3!1m2!1s0x47e063ec3beef7b5%3A0x5bba3be2f3c8195d!2s84%20Rue%20du%20G%C3%A9n%C3%A9ral%20de%20Gaulle%2C%2076450%20Cany-Barville!5e0!3m2!1sfr!2sfr!4v1623144340411!5m2!1sfr!2sfr\" width=\"600\" height=\"450\" allowfullscreen=\"allowfullscreen\"><\/iframe><\/a><\/p>\n","protected":false},"excerpt":{"rendered":"<p>I you have any questions and would like to get in touch with me, reserve a painting or visit my gallery at 84, rue du G\u00e9n\u00e9ral de Gaulle \u00e0 Cany-Barville in Normandy, please contact me by phone: 0624724916 or send me a message : http:\/\/<\/p>\n","protected":false},"author":1,"featured_media":0,"parent":0,"menu_order":0,"comment_status":"closed","ping_status":"closed","template":"","meta":{"_monsterinsights_skip_tracking":false,"_monsterinsights_sitenote_active":false,"_monsterinsights_sitenote_note":"","_monsterinsights_sitenote_category":0},"_links":{"self":[{"href":"https:\/\/marychaplin-peintreluministe.com\/painter\/wp-json\/wp\/v2\/pages\/12"}],"collection":[{"href":"https:\/\/marychaplin-peintreluministe.com\/painter\/wp-json\/wp\/v2\/pages"}],"about":[{"href":"https:\/\/marychaplin-peintreluministe.com\/painter\/wp-json\/wp\/v2\/types\/page"}],"author":[{"embeddable":true,"href":"https:\/\/marychaplin-peintreluministe.com\/painter\/wp-json\/wp\/v2\/users\/1"}],"replies":[{"embeddable":true,"href":"https:\/\/marychaplin-peintreluministe.com\/painter\/wp-json\/wp\/v2\/comments?post=12"}],"version-history":[{"count":6,"href":"https:\/\/marychaplin-peintreluministe.com\/painter\/wp-json\/wp\/v2\/pages\/12\/revisions"}],"predecessor-version":[{"id":288,"href":"https:\/\/marychaplin-peintreluministe.com\/painter\/wp-json\/wp\/v2\/pages\/12\/revisions\/288"}],"wp:attachment":[{"href":"https:\/\/marychaplin-peintreluministe.com\/painter\/wp-json\/wp\/v2\/media?parent=12"}],"curies":[{"name":"wp","href":"https:\/\/api.w.org\/{rel}","templated":true}]}}