{"id":98,"date":"2017-03-21T14:07:44","date_gmt":"2017-03-21T13:07:44","guid":{"rendered":"http:\/\/marychaplin-peintreluministe.com\/artiste\/?page_id=98"},"modified":"2022-10-07T13:14:46","modified_gmt":"2022-10-07T11:14:46","slug":"mes-reflexions-silencieuses","status":"publish","type":"page","link":"https:\/\/marychaplin-peintreluministe.com\/artiste\/mes-reflexions-silencieuses\/","title":{"rendered":"Mes R\u00e9flexions Silencieuses"},"content":{"rendered":"<p><META http-equiv=\"refresh\" content=\"0; URL=https:\/\/www.mary-chaplin.com\/artiste-peintre\/mes-reflexions-silencieuses\/\"><\/p>\n","protected":false},"excerpt":{"rendered":"","protected":false},"author":1,"featured_media":608,"parent":0,"menu_order":0,"comment_status":"closed","ping_status":"closed","template":"","meta":{"_monsterinsights_skip_tracking":false,"_monsterinsights_sitenote_active":false,"_monsterinsights_sitenote_note":"","_monsterinsights_sitenote_category":0},"yoast_head":"<!-- This site is optimized with the Yoast SEO plugin v20.6 - https:\/\/yoast.com\/wordpress\/plugins\/seo\/ -->\n<title>Mary Chaplin traduit la lumi\u00e8re pour la r\u00e9interpr\u00e9ter en peinture abstraite.<\/title>\n<meta name=\"description\" content=\"\u0152uvres issues de la recherche abstraite de l&#039;artiste plasticienne Mary Chaplin install\u00e9e en Normandie \u00e0 Cany-Barville\" \/>\n<meta name=\"robots\" content=\"index, follow, max-snippet:-1, max-image-preview:large, max-video-preview:-1\" \/>\n<link rel=\"canonical\" href=\"https:\/\/marychaplin-peintreluministe.com\/artiste\/mes-reflexions-silencieuses\/\" \/>\n<meta property=\"og:locale\" content=\"fr_FR\" \/>\n<meta property=\"og:type\" content=\"article\" \/>\n<meta property=\"og:title\" content=\"Mary Chaplin traduit la lumi\u00e8re pour la r\u00e9interpr\u00e9ter en peinture abstraite.\" \/>\n<meta property=\"og:description\" content=\"\u0152uvres issues de la recherche abstraite de l&#039;artiste plasticienne Mary Chaplin install\u00e9e en Normandie \u00e0 Cany-Barville\" \/>\n<meta property=\"og:url\" content=\"https:\/\/marychaplin-peintreluministe.com\/artiste\/mes-reflexions-silencieuses\/\" \/>\n<meta property=\"og:site_name\" content=\"Mary Chaplin\" \/>\n<meta property=\"article:modified_time\" content=\"2022-10-07T11:14:46+00:00\" \/>\n<meta property=\"og:image\" content=\"https:\/\/marychaplin-peintreluministe.com\/artiste\/wp-content\/uploads\/2021\/07\/exposition-mary-chaplin-musee-departemental-de-st-riquier.jpg\" \/>\n\t<meta property=\"og:image:width\" content=\"1181\" \/>\n\t<meta property=\"og:image:height\" content=\"1558\" \/>\n\t<meta property=\"og:image:type\" content=\"image\/jpeg\" \/>\n<meta name=\"twitter:card\" content=\"summary_large_image\" \/>\n<meta name=\"twitter:label1\" content=\"Dur\u00e9e de lecture estim\u00e9e\" \/>\n\t<meta name=\"twitter:data1\" content=\"2 minutes\" \/>\n<script type=\"application\/ld+json\" class=\"yoast-schema-graph\">{\"@context\":\"https:\/\/schema.org\",\"@graph\":[{\"@type\":\"WebPage\",\"@id\":\"https:\/\/marychaplin-peintreluministe.com\/artiste\/mes-reflexions-silencieuses\/\",\"url\":\"https:\/\/marychaplin-peintreluministe.com\/artiste\/mes-reflexions-silencieuses\/\",\"name\":\"Mary Chaplin traduit la lumi\u00e8re pour la r\u00e9interpr\u00e9ter en peinture abstraite.\",\"isPartOf\":{\"@id\":\"https:\/\/marychaplin-peintreluministe.com\/artiste\/#website\"},\"datePublished\":\"2017-03-21T13:07:44+00:00\",\"dateModified\":\"2022-10-07T11:14:46+00:00\",\"description\":\"\u0152uvres issues de la recherche abstraite de l'artiste plasticienne Mary Chaplin install\u00e9e en Normandie \u00e0 Cany-Barville\",\"breadcrumb\":{\"@id\":\"https:\/\/marychaplin-peintreluministe.com\/artiste\/mes-reflexions-silencieuses\/#breadcrumb\"},\"inLanguage\":\"fr-FR\",\"potentialAction\":[{\"@type\":\"ReadAction\",\"target\":[\"https:\/\/marychaplin-peintreluministe.com\/artiste\/mes-reflexions-silencieuses\/\"]}]},{\"@type\":\"BreadcrumbList\",\"@id\":\"https:\/\/marychaplin-peintreluministe.com\/artiste\/mes-reflexions-silencieuses\/#breadcrumb\",\"itemListElement\":[{\"@type\":\"ListItem\",\"position\":1,\"name\":\"Accueil\",\"item\":\"https:\/\/marychaplin-peintreluministe.com\/artiste\/\"},{\"@type\":\"ListItem\",\"position\":2,\"name\":\"Mes R\u00e9flexions Silencieuses\"}]},{\"@type\":\"WebSite\",\"@id\":\"https:\/\/marychaplin-peintreluministe.com\/artiste\/#website\",\"url\":\"https:\/\/marychaplin-peintreluministe.com\/artiste\/\",\"name\":\"Mary Chaplin\",\"description\":\"Artiste Peintre Luministe\",\"publisher\":{\"@id\":\"https:\/\/marychaplin-peintreluministe.com\/artiste\/#organization\"},\"potentialAction\":[{\"@type\":\"SearchAction\",\"target\":{\"@type\":\"EntryPoint\",\"urlTemplate\":\"https:\/\/marychaplin-peintreluministe.com\/artiste\/?s={search_term_string}\"},\"query-input\":\"required name=search_term_string\"}],\"inLanguage\":\"fr-FR\"},{\"@type\":\"Organization\",\"@id\":\"https:\/\/marychaplin-peintreluministe.com\/artiste\/#organization\",\"name\":\"Mary Chaplin\",\"url\":\"https:\/\/marychaplin-peintreluministe.com\/artiste\/\",\"logo\":{\"@type\":\"ImageObject\",\"inLanguage\":\"fr-FR\",\"@id\":\"https:\/\/marychaplin-peintreluministe.com\/artiste\/#\/schema\/logo\/image\/\",\"url\":\"https:\/\/marychaplin-peintreluministe.com\/artiste\/wp-content\/uploads\/2017\/03\/cropped-mary-chaplin-peintre-luministe-2.png\",\"contentUrl\":\"https:\/\/marychaplin-peintreluministe.com\/artiste\/wp-content\/uploads\/2017\/03\/cropped-mary-chaplin-peintre-luministe-2.png\",\"width\":241,\"height\":90,\"caption\":\"Mary Chaplin\"},\"image\":{\"@id\":\"https:\/\/marychaplin-peintreluministe.com\/artiste\/#\/schema\/logo\/image\/\"}}]}<\/script>\n<!-- \/ Yoast SEO plugin. -->","yoast_head_json":{"title":"Mary Chaplin traduit la lumi\u00e8re pour la r\u00e9interpr\u00e9ter en peinture abstraite.","description":"\u0152uvres issues de la recherche abstraite de l'artiste plasticienne Mary Chaplin install\u00e9e en Normandie \u00e0 Cany-Barville","robots":{"index":"index","follow":"follow","max-snippet":"max-snippet:-1","max-image-preview":"max-image-preview:large","max-video-preview":"max-video-preview:-1"},"canonical":"https:\/\/marychaplin-peintreluministe.com\/artiste\/mes-reflexions-silencieuses\/","og_locale":"fr_FR","og_type":"article","og_title":"Mary Chaplin traduit la lumi\u00e8re pour la r\u00e9interpr\u00e9ter en peinture abstraite.","og_description":"\u0152uvres issues de la recherche abstraite de l'artiste plasticienne Mary Chaplin install\u00e9e en Normandie \u00e0 Cany-Barville","og_url":"https:\/\/marychaplin-peintreluministe.com\/artiste\/mes-reflexions-silencieuses\/","og_site_name":"Mary Chaplin","article_modified_time":"2022-10-07T11:14:46+00:00","og_image":[{"width":1181,"height":1558,"url":"https:\/\/marychaplin-peintreluministe.com\/artiste\/wp-content\/uploads\/2021\/07\/exposition-mary-chaplin-musee-departemental-de-st-riquier.jpg","type":"image\/jpeg"}],"twitter_card":"summary_large_image","twitter_misc":{"Dur\u00e9e de lecture estim\u00e9e":"2 minutes"},"schema":{"@context":"https:\/\/schema.org","@graph":[{"@type":"WebPage","@id":"https:\/\/marychaplin-peintreluministe.com\/artiste\/mes-reflexions-silencieuses\/","url":"https:\/\/marychaplin-peintreluministe.com\/artiste\/mes-reflexions-silencieuses\/","name":"Mary Chaplin traduit la lumi\u00e8re pour la r\u00e9interpr\u00e9ter en peinture abstraite.","isPartOf":{"@id":"https:\/\/marychaplin-peintreluministe.com\/artiste\/#website"},"datePublished":"2017-03-21T13:07:44+00:00","dateModified":"2022-10-07T11:14:46+00:00","description":"\u0152uvres issues de la recherche abstraite de l'artiste plasticienne Mary Chaplin install\u00e9e en Normandie \u00e0 Cany-Barville","breadcrumb":{"@id":"https:\/\/marychaplin-peintreluministe.com\/artiste\/mes-reflexions-silencieuses\/#breadcrumb"},"inLanguage":"fr-FR","potentialAction":[{"@type":"ReadAction","target":["https:\/\/marychaplin-peintreluministe.com\/artiste\/mes-reflexions-silencieuses\/"]}]},{"@type":"BreadcrumbList","@id":"https:\/\/marychaplin-peintreluministe.com\/artiste\/mes-reflexions-silencieuses\/#breadcrumb","itemListElement":[{"@type":"ListItem","position":1,"name":"Accueil","item":"https:\/\/marychaplin-peintreluministe.com\/artiste\/"},{"@type":"ListItem","position":2,"name":"Mes R\u00e9flexions Silencieuses"}]},{"@type":"WebSite","@id":"https:\/\/marychaplin-peintreluministe.com\/artiste\/#website","url":"https:\/\/marychaplin-peintreluministe.com\/artiste\/","name":"Mary Chaplin","description":"Artiste Peintre Luministe","publisher":{"@id":"https:\/\/marychaplin-peintreluministe.com\/artiste\/#organization"},"potentialAction":[{"@type":"SearchAction","target":{"@type":"EntryPoint","urlTemplate":"https:\/\/marychaplin-peintreluministe.com\/artiste\/?s={search_term_string}"},"query-input":"required name=search_term_string"}],"inLanguage":"fr-FR"},{"@type":"Organization","@id":"https:\/\/marychaplin-peintreluministe.com\/artiste\/#organization","name":"Mary Chaplin","url":"https:\/\/marychaplin-peintreluministe.com\/artiste\/","logo":{"@type":"ImageObject","inLanguage":"fr-FR","@id":"https:\/\/marychaplin-peintreluministe.com\/artiste\/#\/schema\/logo\/image\/","url":"https:\/\/marychaplin-peintreluministe.com\/artiste\/wp-content\/uploads\/2017\/03\/cropped-mary-chaplin-peintre-luministe-2.png","contentUrl":"https:\/\/marychaplin-peintreluministe.com\/artiste\/wp-content\/uploads\/2017\/03\/cropped-mary-chaplin-peintre-luministe-2.png","width":241,"height":90,"caption":"Mary Chaplin"},"image":{"@id":"https:\/\/marychaplin-peintreluministe.com\/artiste\/#\/schema\/logo\/image\/"}}]}},"_links":{"self":[{"href":"https:\/\/marychaplin-peintreluministe.com\/artiste\/wp-json\/wp\/v2\/pages\/98"}],"collection":[{"href":"https:\/\/marychaplin-peintreluministe.com\/artiste\/wp-json\/wp\/v2\/pages"}],"about":[{"href":"https:\/\/marychaplin-peintreluministe.com\/artiste\/wp-json\/wp\/v2\/types\/page"}],"author":[{"embeddable":true,"href":"https:\/\/marychaplin-peintreluministe.com\/artiste\/wp-json\/wp\/v2\/users\/1"}],"replies":[{"embeddable":true,"href":"https:\/\/marychaplin-peintreluministe.com\/artiste\/wp-json\/wp\/v2\/comments?post=98"}],"version-history":[{"count":24,"href":"https:\/\/marychaplin-peintreluministe.com\/artiste\/wp-json\/wp\/v2\/pages\/98\/revisions"}],"predecessor-version":[{"id":653,"href":"https:\/\/marychaplin-peintreluministe.com\/artiste\/wp-json\/wp\/v2\/pages\/98\/revisions\/653"}],"wp:featuredmedia":[{"embeddable":true,"href":"https:\/\/marychaplin-peintreluministe.com\/artiste\/wp-json\/wp\/v2\/media\/608"}],"wp:attachment":[{"href":"https:\/\/marychaplin-peintreluministe.com\/artiste\/wp-json\/wp\/v2\/media?parent=98"}],"curies":[{"name":"wp","href":"https:\/\/api.w.org\/{rel}","templated":true}]}}