{"id":25,"date":"2017-03-21T11:27:51","date_gmt":"2017-03-21T10:27:51","guid":{"rendered":"http:\/\/marychaplin-peintreluministe.com\/artiste\/?page_id=25"},"modified":"2022-10-07T13:12:06","modified_gmt":"2022-10-07T11:12:06","slug":"presentation-de-mary-chaplin","status":"publish","type":"page","link":"https:\/\/marychaplin-peintreluministe.com\/artiste\/presentation-de-mary-chaplin\/","title":{"rendered":"Pr\u00e9sentation de Mary Chaplin"},"content":{"rendered":"<p><META http-equiv=\"refresh\" content=\"0; URL=https:\/\/www.mary-chaplin.com\/artiste-peintre\/presentation-de-lartiste-peintre-luministe-mary-chaplin\/\"><\/p>\n","protected":false},"excerpt":{"rendered":"","protected":false},"author":1,"featured_media":0,"parent":0,"menu_order":0,"comment_status":"closed","ping_status":"closed","template":"","meta":{"_monsterinsights_skip_tracking":false,"_monsterinsights_sitenote_active":false,"_monsterinsights_sitenote_note":"","_monsterinsights_sitenote_category":0},"yoast_head":"<!-- This site is optimized with the Yoast SEO plugin v20.6 - https:\/\/yoast.com\/wordpress\/plugins\/seo\/ -->\n<title>Mary Chaplin artiste qui r\u00e9interpr\u00e8te la lumi\u00e8re: abstraction contemporaine.<\/title>\n<meta name=\"description\" content=\"L&#039;artiste peintre Mary Chaplin consacre son \u0153uvre picturale \u00e0 l&#039;observation et l&#039;interpr\u00e9tation de la lumi\u00e8re au sens figuratif et abstrait.\" \/>\n<meta name=\"robots\" content=\"index, follow, max-snippet:-1, max-image-preview:large, max-video-preview:-1\" \/>\n<link rel=\"canonical\" href=\"https:\/\/marychaplin-peintreluministe.com\/artiste\/presentation-de-mary-chaplin\/\" \/>\n<meta property=\"og:locale\" content=\"fr_FR\" \/>\n<meta property=\"og:type\" content=\"article\" \/>\n<meta property=\"og:title\" content=\"Mary Chaplin artiste qui r\u00e9interpr\u00e8te la lumi\u00e8re: abstraction contemporaine.\" \/>\n<meta property=\"og:description\" content=\"L&#039;artiste peintre Mary Chaplin consacre son \u0153uvre picturale \u00e0 l&#039;observation et l&#039;interpr\u00e9tation de la lumi\u00e8re au sens figuratif et abstrait.\" \/>\n<meta property=\"og:url\" content=\"https:\/\/marychaplin-peintreluministe.com\/artiste\/presentation-de-mary-chaplin\/\" \/>\n<meta property=\"og:site_name\" content=\"Mary Chaplin\" \/>\n<meta property=\"article:modified_time\" content=\"2022-10-07T11:12:06+00:00\" \/>\n<meta name=\"twitter:card\" content=\"summary_large_image\" \/>\n<meta name=\"twitter:label1\" content=\"Dur\u00e9e de lecture estim\u00e9e\" \/>\n\t<meta name=\"twitter:data1\" content=\"3 minutes\" \/>\n<script type=\"application\/ld+json\" class=\"yoast-schema-graph\">{\"@context\":\"https:\/\/schema.org\",\"@graph\":[{\"@type\":\"WebPage\",\"@id\":\"https:\/\/marychaplin-peintreluministe.com\/artiste\/presentation-de-mary-chaplin\/\",\"url\":\"https:\/\/marychaplin-peintreluministe.com\/artiste\/presentation-de-mary-chaplin\/\",\"name\":\"Mary Chaplin artiste qui r\u00e9interpr\u00e8te la lumi\u00e8re: abstraction contemporaine.\",\"isPartOf\":{\"@id\":\"https:\/\/marychaplin-peintreluministe.com\/artiste\/#website\"},\"datePublished\":\"2017-03-21T10:27:51+00:00\",\"dateModified\":\"2022-10-07T11:12:06+00:00\",\"description\":\"L'artiste peintre Mary Chaplin consacre son \u0153uvre picturale \u00e0 l'observation et l'interpr\u00e9tation de la lumi\u00e8re au sens figuratif et abstrait.\",\"breadcrumb\":{\"@id\":\"https:\/\/marychaplin-peintreluministe.com\/artiste\/presentation-de-mary-chaplin\/#breadcrumb\"},\"inLanguage\":\"fr-FR\",\"potentialAction\":[{\"@type\":\"ReadAction\",\"target\":[\"https:\/\/marychaplin-peintreluministe.com\/artiste\/presentation-de-mary-chaplin\/\"]}]},{\"@type\":\"BreadcrumbList\",\"@id\":\"https:\/\/marychaplin-peintreluministe.com\/artiste\/presentation-de-mary-chaplin\/#breadcrumb\",\"itemListElement\":[{\"@type\":\"ListItem\",\"position\":1,\"name\":\"Accueil\",\"item\":\"https:\/\/marychaplin-peintreluministe.com\/artiste\/\"},{\"@type\":\"ListItem\",\"position\":2,\"name\":\"Pr\u00e9sentation de Mary Chaplin\"}]},{\"@type\":\"WebSite\",\"@id\":\"https:\/\/marychaplin-peintreluministe.com\/artiste\/#website\",\"url\":\"https:\/\/marychaplin-peintreluministe.com\/artiste\/\",\"name\":\"Mary Chaplin\",\"description\":\"Artiste Peintre Luministe\",\"publisher\":{\"@id\":\"https:\/\/marychaplin-peintreluministe.com\/artiste\/#organization\"},\"potentialAction\":[{\"@type\":\"SearchAction\",\"target\":{\"@type\":\"EntryPoint\",\"urlTemplate\":\"https:\/\/marychaplin-peintreluministe.com\/artiste\/?s={search_term_string}\"},\"query-input\":\"required name=search_term_string\"}],\"inLanguage\":\"fr-FR\"},{\"@type\":\"Organization\",\"@id\":\"https:\/\/marychaplin-peintreluministe.com\/artiste\/#organization\",\"name\":\"Mary Chaplin\",\"url\":\"https:\/\/marychaplin-peintreluministe.com\/artiste\/\",\"logo\":{\"@type\":\"ImageObject\",\"inLanguage\":\"fr-FR\",\"@id\":\"https:\/\/marychaplin-peintreluministe.com\/artiste\/#\/schema\/logo\/image\/\",\"url\":\"https:\/\/marychaplin-peintreluministe.com\/artiste\/wp-content\/uploads\/2017\/03\/cropped-mary-chaplin-peintre-luministe-2.png\",\"contentUrl\":\"https:\/\/marychaplin-peintreluministe.com\/artiste\/wp-content\/uploads\/2017\/03\/cropped-mary-chaplin-peintre-luministe-2.png\",\"width\":241,\"height\":90,\"caption\":\"Mary Chaplin\"},\"image\":{\"@id\":\"https:\/\/marychaplin-peintreluministe.com\/artiste\/#\/schema\/logo\/image\/\"}}]}<\/script>\n<!-- \/ Yoast SEO plugin. -->","yoast_head_json":{"title":"Mary Chaplin artiste qui r\u00e9interpr\u00e8te la lumi\u00e8re: abstraction contemporaine.","description":"L'artiste peintre Mary Chaplin consacre son \u0153uvre picturale \u00e0 l'observation et l'interpr\u00e9tation de la lumi\u00e8re au sens figuratif et abstrait.","robots":{"index":"index","follow":"follow","max-snippet":"max-snippet:-1","max-image-preview":"max-image-preview:large","max-video-preview":"max-video-preview:-1"},"canonical":"https:\/\/marychaplin-peintreluministe.com\/artiste\/presentation-de-mary-chaplin\/","og_locale":"fr_FR","og_type":"article","og_title":"Mary Chaplin artiste qui r\u00e9interpr\u00e8te la lumi\u00e8re: abstraction contemporaine.","og_description":"L'artiste peintre Mary Chaplin consacre son \u0153uvre picturale \u00e0 l'observation et l'interpr\u00e9tation de la lumi\u00e8re au sens figuratif et abstrait.","og_url":"https:\/\/marychaplin-peintreluministe.com\/artiste\/presentation-de-mary-chaplin\/","og_site_name":"Mary Chaplin","article_modified_time":"2022-10-07T11:12:06+00:00","twitter_card":"summary_large_image","twitter_misc":{"Dur\u00e9e de lecture estim\u00e9e":"3 minutes"},"schema":{"@context":"https:\/\/schema.org","@graph":[{"@type":"WebPage","@id":"https:\/\/marychaplin-peintreluministe.com\/artiste\/presentation-de-mary-chaplin\/","url":"https:\/\/marychaplin-peintreluministe.com\/artiste\/presentation-de-mary-chaplin\/","name":"Mary Chaplin artiste qui r\u00e9interpr\u00e8te la lumi\u00e8re: abstraction contemporaine.","isPartOf":{"@id":"https:\/\/marychaplin-peintreluministe.com\/artiste\/#website"},"datePublished":"2017-03-21T10:27:51+00:00","dateModified":"2022-10-07T11:12:06+00:00","description":"L'artiste peintre Mary Chaplin consacre son \u0153uvre picturale \u00e0 l'observation et l'interpr\u00e9tation de la lumi\u00e8re au sens figuratif et abstrait.","breadcrumb":{"@id":"https:\/\/marychaplin-peintreluministe.com\/artiste\/presentation-de-mary-chaplin\/#breadcrumb"},"inLanguage":"fr-FR","potentialAction":[{"@type":"ReadAction","target":["https:\/\/marychaplin-peintreluministe.com\/artiste\/presentation-de-mary-chaplin\/"]}]},{"@type":"BreadcrumbList","@id":"https:\/\/marychaplin-peintreluministe.com\/artiste\/presentation-de-mary-chaplin\/#breadcrumb","itemListElement":[{"@type":"ListItem","position":1,"name":"Accueil","item":"https:\/\/marychaplin-peintreluministe.com\/artiste\/"},{"@type":"ListItem","position":2,"name":"Pr\u00e9sentation de Mary Chaplin"}]},{"@type":"WebSite","@id":"https:\/\/marychaplin-peintreluministe.com\/artiste\/#website","url":"https:\/\/marychaplin-peintreluministe.com\/artiste\/","name":"Mary Chaplin","description":"Artiste Peintre Luministe","publisher":{"@id":"https:\/\/marychaplin-peintreluministe.com\/artiste\/#organization"},"potentialAction":[{"@type":"SearchAction","target":{"@type":"EntryPoint","urlTemplate":"https:\/\/marychaplin-peintreluministe.com\/artiste\/?s={search_term_string}"},"query-input":"required name=search_term_string"}],"inLanguage":"fr-FR"},{"@type":"Organization","@id":"https:\/\/marychaplin-peintreluministe.com\/artiste\/#organization","name":"Mary Chaplin","url":"https:\/\/marychaplin-peintreluministe.com\/artiste\/","logo":{"@type":"ImageObject","inLanguage":"fr-FR","@id":"https:\/\/marychaplin-peintreluministe.com\/artiste\/#\/schema\/logo\/image\/","url":"https:\/\/marychaplin-peintreluministe.com\/artiste\/wp-content\/uploads\/2017\/03\/cropped-mary-chaplin-peintre-luministe-2.png","contentUrl":"https:\/\/marychaplin-peintreluministe.com\/artiste\/wp-content\/uploads\/2017\/03\/cropped-mary-chaplin-peintre-luministe-2.png","width":241,"height":90,"caption":"Mary Chaplin"},"image":{"@id":"https:\/\/marychaplin-peintreluministe.com\/artiste\/#\/schema\/logo\/image\/"}}]}},"_links":{"self":[{"href":"https:\/\/marychaplin-peintreluministe.com\/artiste\/wp-json\/wp\/v2\/pages\/25"}],"collection":[{"href":"https:\/\/marychaplin-peintreluministe.com\/artiste\/wp-json\/wp\/v2\/pages"}],"about":[{"href":"https:\/\/marychaplin-peintreluministe.com\/artiste\/wp-json\/wp\/v2\/types\/page"}],"author":[{"embeddable":true,"href":"https:\/\/marychaplin-peintreluministe.com\/artiste\/wp-json\/wp\/v2\/users\/1"}],"replies":[{"embeddable":true,"href":"https:\/\/marychaplin-peintreluministe.com\/artiste\/wp-json\/wp\/v2\/comments?post=25"}],"version-history":[{"count":29,"href":"https:\/\/marychaplin-peintreluministe.com\/artiste\/wp-json\/wp\/v2\/pages\/25\/revisions"}],"predecessor-version":[{"id":651,"href":"https:\/\/marychaplin-peintreluministe.com\/artiste\/wp-json\/wp\/v2\/pages\/25\/revisions\/651"}],"wp:attachment":[{"href":"https:\/\/marychaplin-peintreluministe.com\/artiste\/wp-json\/wp\/v2\/media?parent=25"}],"curies":[{"name":"wp","href":"https:\/\/api.w.org\/{rel}","templated":true}]}}