{"id":108,"date":"2017-03-21T14:09:27","date_gmt":"2017-03-21T13:09:27","guid":{"rendered":"http:\/\/marychaplin-peintreluministe.com\/artiste\/?page_id=108"},"modified":"2022-10-07T13:16:46","modified_gmt":"2022-10-07T11:16:46","slug":"contacter-mary-chaplin-renseignements","status":"publish","type":"page","link":"https:\/\/marychaplin-peintreluministe.com\/artiste\/contacter-mary-chaplin-renseignements\/","title":{"rendered":"Me contacter"},"content":{"rendered":"<p><META http-equiv=\"refresh\" content=\"0; URL=https:\/\/www.mary-chaplin.com\/artiste-peintre\/\"><\/p>\n","protected":false},"excerpt":{"rendered":"","protected":false},"author":1,"featured_media":0,"parent":0,"menu_order":0,"comment_status":"closed","ping_status":"closed","template":"","meta":{"_monsterinsights_skip_tracking":false,"_monsterinsights_sitenote_active":false,"_monsterinsights_sitenote_note":"","_monsterinsights_sitenote_category":0},"yoast_head":"<!-- This site is optimized with the Yoast SEO plugin v20.6 - https:\/\/yoast.com\/wordpress\/plugins\/seo\/ -->\n<title>Prise de rendez-vous galerie art contemporain cany barville<\/title>\n<meta name=\"description\" content=\"Demande de contact de Mary Chaplin, artiste peintre luministe install\u00e9e en Normandie \u00e0 Cany-Barville pr\u00e8s de la c\u00f4te d&#039;Alb\u00e2tre.\" \/>\n<meta name=\"robots\" content=\"index, follow, max-snippet:-1, max-image-preview:large, max-video-preview:-1\" \/>\n<link rel=\"canonical\" href=\"https:\/\/marychaplin-peintreluministe.com\/artiste\/contacter-mary-chaplin-renseignements\/\" \/>\n<meta property=\"og:locale\" content=\"fr_FR\" \/>\n<meta property=\"og:type\" content=\"article\" \/>\n<meta property=\"og:title\" content=\"Prise de rendez-vous galerie art contemporain cany barville\" \/>\n<meta property=\"og:description\" content=\"Demande de contact de Mary Chaplin, artiste peintre luministe install\u00e9e en Normandie \u00e0 Cany-Barville pr\u00e8s de la c\u00f4te d&#039;Alb\u00e2tre.\" \/>\n<meta property=\"og:url\" content=\"https:\/\/marychaplin-peintreluministe.com\/artiste\/contacter-mary-chaplin-renseignements\/\" \/>\n<meta property=\"og:site_name\" content=\"Mary Chaplin\" \/>\n<meta property=\"article:modified_time\" content=\"2022-10-07T11:16:46+00:00\" \/>\n<meta name=\"twitter:card\" content=\"summary_large_image\" \/>\n<meta name=\"twitter:label1\" content=\"Dur\u00e9e de lecture estim\u00e9e\" \/>\n\t<meta name=\"twitter:data1\" content=\"1 minute\" \/>\n<script type=\"application\/ld+json\" class=\"yoast-schema-graph\">{\"@context\":\"https:\/\/schema.org\",\"@graph\":[{\"@type\":\"WebPage\",\"@id\":\"https:\/\/marychaplin-peintreluministe.com\/artiste\/contacter-mary-chaplin-renseignements\/\",\"url\":\"https:\/\/marychaplin-peintreluministe.com\/artiste\/contacter-mary-chaplin-renseignements\/\",\"name\":\"Prise de rendez-vous galerie art contemporain cany barville\",\"isPartOf\":{\"@id\":\"https:\/\/marychaplin-peintreluministe.com\/artiste\/#website\"},\"datePublished\":\"2017-03-21T13:09:27+00:00\",\"dateModified\":\"2022-10-07T11:16:46+00:00\",\"description\":\"Demande de contact de Mary Chaplin, artiste peintre luministe install\u00e9e en Normandie \u00e0 Cany-Barville pr\u00e8s de la c\u00f4te d'Alb\u00e2tre.\",\"breadcrumb\":{\"@id\":\"https:\/\/marychaplin-peintreluministe.com\/artiste\/contacter-mary-chaplin-renseignements\/#breadcrumb\"},\"inLanguage\":\"fr-FR\",\"potentialAction\":[{\"@type\":\"ReadAction\",\"target\":[\"https:\/\/marychaplin-peintreluministe.com\/artiste\/contacter-mary-chaplin-renseignements\/\"]}]},{\"@type\":\"BreadcrumbList\",\"@id\":\"https:\/\/marychaplin-peintreluministe.com\/artiste\/contacter-mary-chaplin-renseignements\/#breadcrumb\",\"itemListElement\":[{\"@type\":\"ListItem\",\"position\":1,\"name\":\"Accueil\",\"item\":\"https:\/\/marychaplin-peintreluministe.com\/artiste\/\"},{\"@type\":\"ListItem\",\"position\":2,\"name\":\"Me contacter\"}]},{\"@type\":\"WebSite\",\"@id\":\"https:\/\/marychaplin-peintreluministe.com\/artiste\/#website\",\"url\":\"https:\/\/marychaplin-peintreluministe.com\/artiste\/\",\"name\":\"Mary Chaplin\",\"description\":\"Artiste Peintre Luministe\",\"publisher\":{\"@id\":\"https:\/\/marychaplin-peintreluministe.com\/artiste\/#organization\"},\"potentialAction\":[{\"@type\":\"SearchAction\",\"target\":{\"@type\":\"EntryPoint\",\"urlTemplate\":\"https:\/\/marychaplin-peintreluministe.com\/artiste\/?s={search_term_string}\"},\"query-input\":\"required name=search_term_string\"}],\"inLanguage\":\"fr-FR\"},{\"@type\":\"Organization\",\"@id\":\"https:\/\/marychaplin-peintreluministe.com\/artiste\/#organization\",\"name\":\"Mary Chaplin\",\"url\":\"https:\/\/marychaplin-peintreluministe.com\/artiste\/\",\"logo\":{\"@type\":\"ImageObject\",\"inLanguage\":\"fr-FR\",\"@id\":\"https:\/\/marychaplin-peintreluministe.com\/artiste\/#\/schema\/logo\/image\/\",\"url\":\"https:\/\/marychaplin-peintreluministe.com\/artiste\/wp-content\/uploads\/2017\/03\/cropped-mary-chaplin-peintre-luministe-2.png\",\"contentUrl\":\"https:\/\/marychaplin-peintreluministe.com\/artiste\/wp-content\/uploads\/2017\/03\/cropped-mary-chaplin-peintre-luministe-2.png\",\"width\":241,\"height\":90,\"caption\":\"Mary Chaplin\"},\"image\":{\"@id\":\"https:\/\/marychaplin-peintreluministe.com\/artiste\/#\/schema\/logo\/image\/\"}}]}<\/script>\n<!-- \/ Yoast SEO plugin. -->","yoast_head_json":{"title":"Prise de rendez-vous galerie art contemporain cany barville","description":"Demande de contact de Mary Chaplin, artiste peintre luministe install\u00e9e en Normandie \u00e0 Cany-Barville pr\u00e8s de la c\u00f4te d'Alb\u00e2tre.","robots":{"index":"index","follow":"follow","max-snippet":"max-snippet:-1","max-image-preview":"max-image-preview:large","max-video-preview":"max-video-preview:-1"},"canonical":"https:\/\/marychaplin-peintreluministe.com\/artiste\/contacter-mary-chaplin-renseignements\/","og_locale":"fr_FR","og_type":"article","og_title":"Prise de rendez-vous galerie art contemporain cany barville","og_description":"Demande de contact de Mary Chaplin, artiste peintre luministe install\u00e9e en Normandie \u00e0 Cany-Barville pr\u00e8s de la c\u00f4te d'Alb\u00e2tre.","og_url":"https:\/\/marychaplin-peintreluministe.com\/artiste\/contacter-mary-chaplin-renseignements\/","og_site_name":"Mary Chaplin","article_modified_time":"2022-10-07T11:16:46+00:00","twitter_card":"summary_large_image","twitter_misc":{"Dur\u00e9e de lecture estim\u00e9e":"1 minute"},"schema":{"@context":"https:\/\/schema.org","@graph":[{"@type":"WebPage","@id":"https:\/\/marychaplin-peintreluministe.com\/artiste\/contacter-mary-chaplin-renseignements\/","url":"https:\/\/marychaplin-peintreluministe.com\/artiste\/contacter-mary-chaplin-renseignements\/","name":"Prise de rendez-vous galerie art contemporain cany barville","isPartOf":{"@id":"https:\/\/marychaplin-peintreluministe.com\/artiste\/#website"},"datePublished":"2017-03-21T13:09:27+00:00","dateModified":"2022-10-07T11:16:46+00:00","description":"Demande de contact de Mary Chaplin, artiste peintre luministe install\u00e9e en Normandie \u00e0 Cany-Barville pr\u00e8s de la c\u00f4te d'Alb\u00e2tre.","breadcrumb":{"@id":"https:\/\/marychaplin-peintreluministe.com\/artiste\/contacter-mary-chaplin-renseignements\/#breadcrumb"},"inLanguage":"fr-FR","potentialAction":[{"@type":"ReadAction","target":["https:\/\/marychaplin-peintreluministe.com\/artiste\/contacter-mary-chaplin-renseignements\/"]}]},{"@type":"BreadcrumbList","@id":"https:\/\/marychaplin-peintreluministe.com\/artiste\/contacter-mary-chaplin-renseignements\/#breadcrumb","itemListElement":[{"@type":"ListItem","position":1,"name":"Accueil","item":"https:\/\/marychaplin-peintreluministe.com\/artiste\/"},{"@type":"ListItem","position":2,"name":"Me contacter"}]},{"@type":"WebSite","@id":"https:\/\/marychaplin-peintreluministe.com\/artiste\/#website","url":"https:\/\/marychaplin-peintreluministe.com\/artiste\/","name":"Mary Chaplin","description":"Artiste Peintre Luministe","publisher":{"@id":"https:\/\/marychaplin-peintreluministe.com\/artiste\/#organization"},"potentialAction":[{"@type":"SearchAction","target":{"@type":"EntryPoint","urlTemplate":"https:\/\/marychaplin-peintreluministe.com\/artiste\/?s={search_term_string}"},"query-input":"required name=search_term_string"}],"inLanguage":"fr-FR"},{"@type":"Organization","@id":"https:\/\/marychaplin-peintreluministe.com\/artiste\/#organization","name":"Mary Chaplin","url":"https:\/\/marychaplin-peintreluministe.com\/artiste\/","logo":{"@type":"ImageObject","inLanguage":"fr-FR","@id":"https:\/\/marychaplin-peintreluministe.com\/artiste\/#\/schema\/logo\/image\/","url":"https:\/\/marychaplin-peintreluministe.com\/artiste\/wp-content\/uploads\/2017\/03\/cropped-mary-chaplin-peintre-luministe-2.png","contentUrl":"https:\/\/marychaplin-peintreluministe.com\/artiste\/wp-content\/uploads\/2017\/03\/cropped-mary-chaplin-peintre-luministe-2.png","width":241,"height":90,"caption":"Mary Chaplin"},"image":{"@id":"https:\/\/marychaplin-peintreluministe.com\/artiste\/#\/schema\/logo\/image\/"}}]}},"_links":{"self":[{"href":"https:\/\/marychaplin-peintreluministe.com\/artiste\/wp-json\/wp\/v2\/pages\/108"}],"collection":[{"href":"https:\/\/marychaplin-peintreluministe.com\/artiste\/wp-json\/wp\/v2\/pages"}],"about":[{"href":"https:\/\/marychaplin-peintreluministe.com\/artiste\/wp-json\/wp\/v2\/types\/page"}],"author":[{"embeddable":true,"href":"https:\/\/marychaplin-peintreluministe.com\/artiste\/wp-json\/wp\/v2\/users\/1"}],"replies":[{"embeddable":true,"href":"https:\/\/marychaplin-peintreluministe.com\/artiste\/wp-json\/wp\/v2\/comments?post=108"}],"version-history":[{"count":13,"href":"https:\/\/marychaplin-peintreluministe.com\/artiste\/wp-json\/wp\/v2\/pages\/108\/revisions"}],"predecessor-version":[{"id":655,"href":"https:\/\/marychaplin-peintreluministe.com\/artiste\/wp-json\/wp\/v2\/pages\/108\/revisions\/655"}],"wp:attachment":[{"href":"https:\/\/marychaplin-peintreluministe.com\/artiste\/wp-json\/wp\/v2\/media?parent=108"}],"curies":[{"name":"wp","href":"https:\/\/api.w.org\/{rel}","templated":true}]}}